{"id":309,"date":"2020-01-04T21:47:57","date_gmt":"2020-01-04T21:47:57","guid":{"rendered":"http:\/\/yoamomimazatlan.com\/?page_id=309"},"modified":"2020-01-07T02:55:04","modified_gmt":"2020-01-07T02:55:04","slug":"politicas-de-privacidad","status":"publish","type":"page","link":"https:\/\/yoamomimazatlan.com\/?page_id=309","title":{"rendered":"POLITICAS DE PRIVACIDAD"},"content":{"rendered":"\t\t<div data-elementor-type=\"wp-page\" data-elementor-id=\"309\" class=\"elementor elementor-309\" data-elementor-post-type=\"page\">\n\t\t\t\t\t\t\t\t\t<section class=\"elementor-section elementor-top-section elementor-element elementor-element-a7887e6 elementor-section-boxed elementor-section-height-default elementor-section-height-default\" data-id=\"a7887e6\" data-element_type=\"section\">\n\t\t\t\t\t\t<div class=\"elementor-container elementor-column-gap-default\">\n\t\t\t\t\t<div class=\"elementor-column elementor-col-100 elementor-top-column elementor-element elementor-element-0871fdb\" data-id=\"0871fdb\" data-element_type=\"column\">\n\t\t\t<div class=\"elementor-widget-wrap elementor-element-populated\">\n\t\t\t\t\t\t\t\t<div class=\"elementor-element elementor-element-5025a7f elementor-widget elementor-widget-heading\" data-id=\"5025a7f\" data-element_type=\"widget\" data-widget_type=\"heading.default\">\n\t\t\t\t<div class=\"elementor-widget-container\">\n\t\t\t<style>\/*! elementor - v3.18.0 - 08-12-2023 *\/\n.elementor-heading-title{padding:0;margin:0;line-height:1}.elementor-widget-heading .elementor-heading-title[class*=elementor-size-]>a{color:inherit;font-size:inherit;line-height:inherit}.elementor-widget-heading .elementor-heading-title.elementor-size-small{font-size:15px}.elementor-widget-heading .elementor-heading-title.elementor-size-medium{font-size:19px}.elementor-widget-heading .elementor-heading-title.elementor-size-large{font-size:29px}.elementor-widget-heading .elementor-heading-title.elementor-size-xl{font-size:39px}.elementor-widget-heading .elementor-heading-title.elementor-size-xxl{font-size:59px}<\/style><h2 class=\"elementor-heading-title elementor-size-default\">POL\u00cdTICAS DE PRIVACIDAD<\/h2>\t\t<\/div>\n\t\t\t\t<\/div>\n\t\t\t\t\t<\/div>\n\t\t<\/div>\n\t\t\t\t\t\t\t<\/div>\n\t\t<\/section>\n\t\t\t\t<section class=\"elementor-section elementor-top-section elementor-element elementor-element-7b34064 elementor-section-boxed elementor-section-height-default elementor-section-height-default\" data-id=\"7b34064\" data-element_type=\"section\">\n\t\t\t\t\t\t<div class=\"elementor-container elementor-column-gap-default\">\n\t\t\t\t\t<div class=\"elementor-column elementor-col-100 elementor-top-column elementor-element elementor-element-428f7cd\" data-id=\"428f7cd\" data-element_type=\"column\">\n\t\t\t<div class=\"elementor-widget-wrap elementor-element-populated\">\n\t\t\t\t\t\t\t\t<div class=\"elementor-element elementor-element-a2e6673 elementor-widget elementor-widget-text-editor\" data-id=\"a2e6673\" data-element_type=\"widget\" data-widget_type=\"text-editor.default\">\n\t\t\t\t<div class=\"elementor-widget-container\">\n\t\t\t<style>\/*! elementor - v3.18.0 - 08-12-2023 *\/\n.elementor-widget-text-editor.elementor-drop-cap-view-stacked .elementor-drop-cap{background-color:#69727d;color:#fff}.elementor-widget-text-editor.elementor-drop-cap-view-framed .elementor-drop-cap{color:#69727d;border:3px solid;background-color:transparent}.elementor-widget-text-editor:not(.elementor-drop-cap-view-default) .elementor-drop-cap{margin-top:8px}.elementor-widget-text-editor:not(.elementor-drop-cap-view-default) .elementor-drop-cap-letter{width:1em;height:1em}.elementor-widget-text-editor .elementor-drop-cap{float:left;text-align:center;line-height:1;font-size:50px}.elementor-widget-text-editor .elementor-drop-cap-letter{display:inline-block}<\/style>\t\t\t\t<p class=\"p1\"><span class=\"s1\"><a href=\"http:\/\/YOAMOMIMAZATLAN.COM\">YOAMOMIMAZATLAN.COM<\/a><\/span><span class=\"s2\"> mediante este aviso informa a cualquier persona, EN LO SUCESIVO \u201cEL USUARIO&#8221; QUE USE, NAVEGUE, OPERE, ACCESE, SE BENEFICIE, MANEJE, SE INTRODUZCA O DE CUALQUIER MANERA DIRECTA O INDIRECTA SE RELACIONE CON LA PAGINA WEB<span class=\"Apple-converted-space\">\u00a0 <\/span><a href=\"http:\/\/WWW.YOAMOMIMAZATLAN.COM\"><span class=\"s1\">WWW.YOAMOMIMAZATLAN.COM<\/span><\/a> EN LO SUCESIVO<span class=\"Apple-converted-space\">\u00a0 <\/span>\u201cEL PORTAL\u201d acerca de su pol\u00edtica de protecci\u00f3n de datos de car\u00e1cter personal (en adelante, \u201clos Datos Personales\u201d) para que los Usuarios determinen libre y voluntariamente si desean facilitar a YOAMOMIMAZATLAN.COM los Datos Personales que se les puedan requerir o que pueda obtener de los Usuarios con ocasi\u00f3n de la suscripci\u00f3n o alta en algunos de los servicios ofrecidos en el Portal o a trav\u00e9s del Portal o con ocasi\u00f3n del uso del Portal realizado por los Usuarios.<\/span><\/p><p class=\"p1\"><span class=\"s1\">Ciertos servicios de <span class=\"s2\">EL PORTAL<\/span> pueden contener condiciones particulares con previsiones espec\u00edficas en materia de protecci\u00f3n de Datos Personales. Los Datos Personales recogidos por YOAMOMIMAZATLAN.COM ser\u00e1n objeto de tratamiento automatizado e incorporados a los correspondientes ficheros automatizados de datos de car\u00e1cter personal de los que YOAMOMIMAZATLAN.COM ser\u00e1 titular y responsable (en adelante, el &#8220;Fichero&#8221;). La incorporaci\u00f3n al Fichero y tratamiento automatizado de los Datos Personales requiere que el Usuario preste su consentimiento a YOAMOMIMAZATLAN.COM de forma inequ\u00edvoca. YOAMOMIMAZATLAN.COM proporcionar\u00e1 a los Usuarios los recursos t\u00e9cnicos adecuados para que, con car\u00e1cter previo a la prestaci\u00f3n de su consentimiento, puedan acceder a este aviso sobre la Pol\u00edtica de Protecci\u00f3n de Datos de YOAMOMIMAZATLAN o a cualquier otra informaci\u00f3n que pueda ser relevante.<\/span><\/p><p class=\"p1\"><span class=\"s1\">La incorporaci\u00f3n al Fichero y tratamiento automatizado de los Datos Personales tiene como finalidad el mantenimiento de la relaci\u00f3n contractual en su caso establecida con YOAMOMIMAZATLAN.COM, la gesti\u00f3n, administraci\u00f3n, prestaci\u00f3n, ampliaci\u00f3n y mejora de los servicios en los que el Usuario decida suscribirse o darse de alta, la adecuaci\u00f3n de dichos servicios a las preferencias y gustos de los Usuarios, el dise\u00f1o de nuevos servicios relacionados con dichos servicios, el env\u00edo de actualizaciones de los servicios, el env\u00edo, por medios tradicionales y electr\u00f3nicos, de informaci\u00f3n t\u00e9cnica, operativa y comercial acerca de productos y servicios ofrecidos por YOAMOMIMAZATLAN.COM o a trav\u00e9s de YOAMOMIMAZATLAN.COM actualmente y en el futuro.<\/span><\/p><p class=\"p1\"><span class=\"s1\">La finalidad de la recogida y tratamiento automatizado de los Datos Personales incluye igualmente el env\u00edo de formularios de encuestas, que el Usuario no queda obligado a contestar. YOAMOMIMAZATLAN.COM se propone ceder, con las mismas finalidades que se han indicado en el p\u00e1rrafo anterior, de forma directa o indirecta, al menos una participaci\u00f3n los derechos de voto, as\u00ed como a terceros.<\/span><\/p><p class=\"p1\"><span class=\"s1\">Tanto las sociedades pertenecientes a YOAMOMIMAZATLAN.COM como los terceros a los que YOAMOMIMAZATLAN.COM se propone ceder los Datos Personales pueden tener su domicilio en el extranjero. En todo caso, YOAMOMIMAZATLAN.COM garantiza el mantenimiento de la confidencialidad y el tratamiento seguro de los Datos Personales en los movimientos internacionales que puedan producirse con motivo de las cesiones. YOAMOMIMAZATLAN.COM ha adoptado los niveles de seguridad de protecci\u00f3n de los Datos Personales legalmente requeridos, y ha instalado todos los medios y medidas t\u00e9cnicas a su alcance para evitar la p\u00e9rdida, mal uso, alteraci\u00f3n, acceso no autorizado y robo de los Datos Personales facilitados a YOAMOMIMAZATLAN.COM Ello no obstante, el Usuario debe ser consciente de que las medidas de seguridad en Internet no son inexpugnables.<\/span><\/p><p class=\"p1\"><span class=\"s1\">Salvo en los campos en que se indique lo contrario, las respuestas a las preguntas sobre Datos Personales son voluntarias, sin que la falta de contestaci\u00f3n a dichas preguntas implique una merma en la calidad o cantidad de los servicios correspondientes, a menos que se indique otra cosa. Algunos de los servicios ofrecidos en <span class=\"s2\">EL PORTAL<\/span> o a trav\u00e9s del Portal est\u00e1n dirigidos a menores de edad. En los servicios de esta clase en los que se produzca la recogida de Datos Personales, YOAMOMIMAZATLAN.COM solicitar\u00e1 siempre la conformidad paterna para que los menores puedan acceder a ellos y sus Datos Personales puedan ser objeto de tratamiento automatizado seg\u00fan lo previsto en este aviso sobre la Pol\u00edtica de Protecci\u00f3n de Datos de YOAMOMIMAZATLAN.COM Los Usuarios tienen reconocidos y podr\u00e1n ejercitar los derechos de acceso, cancelaci\u00f3n, rectificaci\u00f3n y oposici\u00f3n contactando con YOAMOMIMAZATLAN.COM a trav\u00e9s del correo electr\u00f3nico CONTACTO@ YOAMOMIMAZATLAN.COM<\/span><\/p><p class=\"p1\"><span class=\"s1\">SOBRE EL USO DE COOKIES.<\/span><\/p><p>Este sitio web hace uso de cookies para fines de mejora del sitio, seguimiento de evaluaci\u00f3n y otros usos publicitarios con la colaboraci\u00f3n de proveedores como Google y Facebook, de manera que:<\/p><ul><li>Los proveedores, incluido Google, utilizan cookies para mostrar anuncios relevantes ateni\u00e9ndose las visitas anteriores de un usuario a su sitio web o a otros sitios web.<\/li><li>El uso de cookies de publicidad permite a Google y a sus socios mostrar anuncios basados en las visitas realizadas por los usuarios a sus sitios web o a otros sitios web de Internet.<\/li><li>Los usuarios pueden inhabilitar la publicidad personalizada. Para ello, deber\u00e1n acceder a\u00a0<a href=\"https:\/\/www.google.com\/settings\/ads\" target=\"_blank\" rel=\"noopener\">Preferencias de anuncios<\/a>.<\/li><\/ul><ul style=\"margin-top: 0.25rem; margin-bottom: 0.75rem; margin-left: 0px; color: #3c4043; font-family: Roboto, 'Helvetica Neue', Helvetica, sans-serif; font-size: 14px; font-style: normal; font-weight: 400;\"><li style=\"margin-top: 0.25rem; margin-bottom: 0.25rem; list-style-type: none; padding-left: 1rem;\">\u00a0<\/li><\/ul>\t\t\t\t\t\t<\/div>\n\t\t\t\t<\/div>\n\t\t\t\t\t<\/div>\n\t\t<\/div>\n\t\t\t\t\t\t\t<\/div>\n\t\t<\/section>\n\t\t\t\t\t\t\t<\/div>\n\t\t","protected":false},"excerpt":{"rendered":"<p>POL\u00cdTICAS DE PRIVACIDAD YOAMOMIMAZATLAN.COM mediante este aviso informa a cualquier persona, EN LO SUCESIVO \u201cEL USUARIO&#8221; QUE USE, NAVEGUE, OPERE, ACCESE, SE BENEFICIE, MANEJE, SE INTRODUZCA O DE CUALQUIER MANERA DIRECTA O INDIRECTA SE RELACIONE CON LA PAGINA WEB\u00a0 WWW.YOAMOMIMAZATLAN.COM EN LO SUCESIVO\u00a0 \u201cEL PORTAL\u201d acerca de su pol\u00edtica de protecci\u00f3n de datos de car\u00e1cter [&hellip;]<\/p>\n","protected":false},"author":1,"featured_media":0,"parent":0,"menu_order":0,"comment_status":"closed","ping_status":"closed","template":"elementor_header_footer","meta":{"footnotes":""},"class_list":["post-309","page","type-page","status-publish","hentry"],"yoast_head":"<!-- This site is optimized with the Yoast SEO plugin v21.7 - https:\/\/yoast.com\/wordpress\/plugins\/seo\/ -->\n<title>POLITICAS DE PRIVACIDAD - Amo mi Mazatl\u00e1n<\/title>\n<meta name=\"robots\" content=\"index, follow, max-snippet:-1, max-image-preview:large, max-video-preview:-1\" \/>\n<link rel=\"canonical\" href=\"https:\/\/yoamomimazatlan.com\/?page_id=309\" \/>\n<meta property=\"og:locale\" content=\"es_MX\" \/>\n<meta property=\"og:type\" content=\"article\" \/>\n<meta property=\"og:title\" content=\"POLITICAS DE PRIVACIDAD - Amo mi Mazatl\u00e1n\" \/>\n<meta property=\"og:description\" content=\"POL\u00cdTICAS DE PRIVACIDAD YOAMOMIMAZATLAN.COM mediante este aviso informa a cualquier persona, EN LO SUCESIVO \u201cEL USUARIO&#8221; QUE USE, NAVEGUE, OPERE, ACCESE, SE BENEFICIE, MANEJE, SE INTRODUZCA O DE CUALQUIER MANERA DIRECTA O INDIRECTA SE RELACIONE CON LA PAGINA WEB\u00a0 WWW.YOAMOMIMAZATLAN.COM EN LO SUCESIVO\u00a0 \u201cEL PORTAL\u201d acerca de su pol\u00edtica de protecci\u00f3n de datos de car\u00e1cter [&hellip;]\" \/>\n<meta property=\"og:url\" content=\"https:\/\/yoamomimazatlan.com\/?page_id=309\" \/>\n<meta property=\"og:site_name\" content=\"Amo mi Mazatl\u00e1n\" \/>\n<meta property=\"article:modified_time\" content=\"2020-01-07T02:55:04+00:00\" \/>\n<meta name=\"twitter:card\" content=\"summary_large_image\" \/>\n<meta name=\"twitter:label1\" content=\"Tiempo de lectura\" \/>\n\t<meta name=\"twitter:data1\" content=\"4 minutos\" \/>\n<script type=\"application\/ld+json\" class=\"yoast-schema-graph\">{\"@context\":\"https:\/\/schema.org\",\"@graph\":[{\"@type\":\"WebPage\",\"@id\":\"https:\/\/yoamomimazatlan.com\/?page_id=309\",\"url\":\"https:\/\/yoamomimazatlan.com\/?page_id=309\",\"name\":\"POLITICAS DE PRIVACIDAD - Amo mi Mazatl\u00e1n\",\"isPartOf\":{\"@id\":\"https:\/\/yoamomimazatlan.com\/#website\"},\"datePublished\":\"2020-01-04T21:47:57+00:00\",\"dateModified\":\"2020-01-07T02:55:04+00:00\",\"breadcrumb\":{\"@id\":\"https:\/\/yoamomimazatlan.com\/?page_id=309#breadcrumb\"},\"inLanguage\":\"es\",\"potentialAction\":[{\"@type\":\"ReadAction\",\"target\":[\"https:\/\/yoamomimazatlan.com\/?page_id=309\"]}]},{\"@type\":\"BreadcrumbList\",\"@id\":\"https:\/\/yoamomimazatlan.com\/?page_id=309#breadcrumb\",\"itemListElement\":[{\"@type\":\"ListItem\",\"position\":1,\"name\":\"Inicio\",\"item\":\"https:\/\/yoamomimazatlan.com\/\"},{\"@type\":\"ListItem\",\"position\":2,\"name\":\"POLITICAS DE PRIVACIDAD\"}]},{\"@type\":\"WebSite\",\"@id\":\"https:\/\/yoamomimazatlan.com\/#website\",\"url\":\"https:\/\/yoamomimazatlan.com\/\",\"name\":\"Amo mi Mazatl\u00e1n\",\"description\":\"Somos Pata Salada\",\"potentialAction\":[{\"@type\":\"SearchAction\",\"target\":{\"@type\":\"EntryPoint\",\"urlTemplate\":\"https:\/\/yoamomimazatlan.com\/?s={search_term_string}\"},\"query-input\":\"required name=search_term_string\"}],\"inLanguage\":\"es\"}]}<\/script>\n<!-- \/ Yoast SEO plugin. -->","yoast_head_json":{"title":"POLITICAS DE PRIVACIDAD - Amo mi Mazatl\u00e1n","robots":{"index":"index","follow":"follow","max-snippet":"max-snippet:-1","max-image-preview":"max-image-preview:large","max-video-preview":"max-video-preview:-1"},"canonical":"https:\/\/yoamomimazatlan.com\/?page_id=309","og_locale":"es_MX","og_type":"article","og_title":"POLITICAS DE PRIVACIDAD - Amo mi Mazatl\u00e1n","og_description":"POL\u00cdTICAS DE PRIVACIDAD YOAMOMIMAZATLAN.COM mediante este aviso informa a cualquier persona, EN LO SUCESIVO \u201cEL USUARIO&#8221; QUE USE, NAVEGUE, OPERE, ACCESE, SE BENEFICIE, MANEJE, SE INTRODUZCA O DE CUALQUIER MANERA DIRECTA O INDIRECTA SE RELACIONE CON LA PAGINA WEB\u00a0 WWW.YOAMOMIMAZATLAN.COM EN LO SUCESIVO\u00a0 \u201cEL PORTAL\u201d acerca de su pol\u00edtica de protecci\u00f3n de datos de car\u00e1cter [&hellip;]","og_url":"https:\/\/yoamomimazatlan.com\/?page_id=309","og_site_name":"Amo mi Mazatl\u00e1n","article_modified_time":"2020-01-07T02:55:04+00:00","twitter_card":"summary_large_image","twitter_misc":{"Tiempo de lectura":"4 minutos"},"schema":{"@context":"https:\/\/schema.org","@graph":[{"@type":"WebPage","@id":"https:\/\/yoamomimazatlan.com\/?page_id=309","url":"https:\/\/yoamomimazatlan.com\/?page_id=309","name":"POLITICAS DE PRIVACIDAD - Amo mi Mazatl\u00e1n","isPartOf":{"@id":"https:\/\/yoamomimazatlan.com\/#website"},"datePublished":"2020-01-04T21:47:57+00:00","dateModified":"2020-01-07T02:55:04+00:00","breadcrumb":{"@id":"https:\/\/yoamomimazatlan.com\/?page_id=309#breadcrumb"},"inLanguage":"es","potentialAction":[{"@type":"ReadAction","target":["https:\/\/yoamomimazatlan.com\/?page_id=309"]}]},{"@type":"BreadcrumbList","@id":"https:\/\/yoamomimazatlan.com\/?page_id=309#breadcrumb","itemListElement":[{"@type":"ListItem","position":1,"name":"Inicio","item":"https:\/\/yoamomimazatlan.com\/"},{"@type":"ListItem","position":2,"name":"POLITICAS DE PRIVACIDAD"}]},{"@type":"WebSite","@id":"https:\/\/yoamomimazatlan.com\/#website","url":"https:\/\/yoamomimazatlan.com\/","name":"Amo mi Mazatl\u00e1n","description":"Somos Pata Salada","potentialAction":[{"@type":"SearchAction","target":{"@type":"EntryPoint","urlTemplate":"https:\/\/yoamomimazatlan.com\/?s={search_term_string}"},"query-input":"required name=search_term_string"}],"inLanguage":"es"}]}},"_links":{"self":[{"href":"https:\/\/yoamomimazatlan.com\/index.php?rest_route=\/wp\/v2\/pages\/309","targetHints":{"allow":["GET"]}}],"collection":[{"href":"https:\/\/yoamomimazatlan.com\/index.php?rest_route=\/wp\/v2\/pages"}],"about":[{"href":"https:\/\/yoamomimazatlan.com\/index.php?rest_route=\/wp\/v2\/types\/page"}],"author":[{"embeddable":true,"href":"https:\/\/yoamomimazatlan.com\/index.php?rest_route=\/wp\/v2\/users\/1"}],"replies":[{"embeddable":true,"href":"https:\/\/yoamomimazatlan.com\/index.php?rest_route=%2Fwp%2Fv2%2Fcomments&post=309"}],"version-history":[{"count":0,"href":"https:\/\/yoamomimazatlan.com\/index.php?rest_route=\/wp\/v2\/pages\/309\/revisions"}],"wp:attachment":[{"href":"https:\/\/yoamomimazatlan.com\/index.php?rest_route=%2Fwp%2Fv2%2Fmedia&parent=309"}],"curies":[{"name":"wp","href":"https:\/\/api.w.org\/{rel}","templated":true}]}}